{"id":485,"date":"2020-07-06T12:44:18","date_gmt":"2020-07-06T10:44:18","guid":{"rendered":"http:\/\/www.arrosticiniinabruzzo.it\/?page_id=485"},"modified":"2020-07-06T12:44:18","modified_gmt":"2020-07-06T10:44:18","slug":"termini-e-condizioni-di-vendita","status":"publish","type":"page","link":"https:\/\/www.arrosticiniinabruzzo.it\/index.php\/termini-e-condizioni-di-vendita\/","title":{"rendered":"Termini e Condizioni di vendita"},"content":{"rendered":"<p>1. Disposizioni Generali<\/p>\n<p>Le presenti condizioni generali di vendita (di seguito, \u201cCondizioni Generali\u201d) si applicano a tutte le vendite di prodotti (di seguito, \u201cProdotti\u201d o \u201cProdotto\u201d) acquistati attraverso il sito internet arrosticiniinabruzzo.it (di seguito, \u201cSito\u201d).<\/p>\n<p>L\u2019utilizzo del servizio di vendita a distanza descritto nelle presenti Condizioni Generali \u00e8 riservato esclusivamente ai consumatori (di seguito, \u201cClienti\u201d o il \u201cCliente\u201d), intesi come le persone fisiche che agiscono per scopi estranei alla propria attivit\u00e0 commerciale, imprenditoriale o professionale eventualmente svolta.<\/p>\n<p>Il Cliente \u00e8 tenuto a leggere attentamente le Condizioni Generali che sono state messe a sua disposizione sul Sito, al fine di consentirne la memorizzazione e la riproduzione da parte del Cliente ai sensi dell\u2019art. 12 del Decreto Legislativo 9 aprile 2003, n. 70.<\/p>\n<p>I contratti conclusi con Macelleria Vitone<br \/>\nPiazza Garibaldi, 2 \u2013 Sulmona (AQ)<br \/>\nEmail: info@arrosticiniinabruzzo.it<br \/>\nC.F. VTNFNN83B25L186C<br \/>\nP.IVA 00273570663<\/p>\n<p>(di seguito, \u201cMacelleria Vitone\u201d) attraverso il Sito sono disciplinati dal diritto italiano e, in particolare, dal Decreto Legislativo 6 settembre 2005, n. 206 (\u201cCodice del Consumo\u201d) e dal Decreto Legislativo 9 aprile 2003, n. 70 (di seguito, \u201cDecreto Ecommerce\u201d).<\/p>\n<p>2. Identificazione del venditore<\/p>\n<p>Macelleria Vitone<br \/>\nPiazza Garibaldi, 2 \u2013 Sulmona (AQ)<br \/>\nEmail: info@arrosticiniinabruzzo.it<br \/>\nC.F. VTNFNN83B25L186C<br \/>\nP.IVA 00273570663<\/p>\n<p>3. Informazioni relative ai Prodotti<\/p>\n<p>Le informazioni relative ai Prodotti suscettibili di vendita a distanza attraverso il Sito e sono disponibili, con i relativi codici di prodotto, sul Sito. Le predette informazioni sono fornite in conformit\u00e0 agli articoli 52 e 53 del Codice del Consumo.<\/p>\n<p>4. Prezzo<\/p>\n<p>II prezzi dei prodotti si intendono comprensivi di tutte le tasse e imposte. Tutti i prezzi sono espressi in Euro. Le spese di spedizione sono a carico del cliente, salvo eventuali promozioni o se diversamente specificato.<\/p>\n<p>5. Ordine dei Prodotti<\/p>\n<p>Le caratteristiche essenziali e i prezzi dei Prodotti sono riportati nell\u2019offerta relativa a ciascun Prodotto.<br \/>\nPer l\u2019acquisto dei Prodotti il Cliente dovr\u00e0 compilare e inviare a Macelleria Vitone il modulo d\u2019ordine in formato elettronico, seguendo le istruzioni contenute nel Sito. Il Cliente dovr\u00e0 mettere il Prodotto nell\u2019apposito \u201ccarrello\u201d e, dopo aver preso visione delle Condizioni Generali, con particolare riferimento al contributo per le spese di consegna e alle modalit\u00e0 di esercizio del diritto di recesso, e alla Privacy Policy, dovr\u00e0 selezionare la modalit\u00e0 di pagamento desiderata e scegliere l\u2019opzione \u201cProcedi all\u2019acquisto\u201d.<\/p>\n<p>Prima di inoltrare il proprio ordine di acquisto il Cliente avr\u00e0 la possibilit\u00e0 di correggere eventuali errori di inserimento dei dati seguendo l\u2019apposita procedura di modifica contenuta nel Sito. In particolare, il Cliente ha la facolt\u00e0 di modificare la quantit\u00e0 dei Prodotti che intende acquistare, aggiungendo o eliminando uno o pi\u00f9 Prodotti dal \u201ccarrello\u201d.<\/p>\n<p>Con l\u2019invio dell\u2019ordine, il Cliente riconosce e dichiara di aver preso visione di tutte le indicazioni fornitegli durante la procedura d\u2019acquisto e di accettare integralmente le Condizioni Generali.<\/p>\n<p>Il Cliente avr\u00e0 la possibilit\u00e0 di visionare i suoi ordini attraverso l\u2019area \u201cIl mio profilo\u201d del proprio account.<\/p>\n<p>Macelleria Vitone si riserva la facolt\u00e0 di valutare l\u2019accettazione degli ordini ricevuti. Macelleria Vitone comunicher\u00e0 al Cliente l\u2019eventuale impossibilit\u00e0 di accettare gli ordini ricevuti entro 3 giorni decorrenti dal giorno successivo a quello in cui il Cliente ha trasmesso l\u2019ordine a Macelleria Vitone e provveder\u00e0 al rimborso delle somme eventualmente gi\u00e0 corrisposte dal Cliente per il pagamento della fornitura.<\/p>\n<p>6. Modalit\u00e0 di pagamento<\/p>\n<p>Il Cliente potr\u00e0 effettuare il pagamento del prezzo dei Prodotti e delle relative spese di consegna mediante PayPal o contrassegno.<br \/>\nSono accettati pagamenti effettuati con le principali carte di credito attraverso il sistema di Pagamento PayPal.<\/p>\n<p>Nel caso in cui, per una ragione qualunque, l\u2019addebito degli importi dovuti dal Cliente si riveli impossibile, il processo di vendita viene automaticamente annullato e la vendita automaticamente cancellata.<\/p>\n<p>FATTURAZIONE<\/p>\n<p>La fattura commerciale dovr\u00e0 essere espressamente richiesta.<\/p>\n<p>7. Conferma di ricezione dell\u2019ordine<\/p>\n<p>In conformit\u00e0 a quanto disposto all\u2019art. 53 del Codice del Consumo, il Cliente riceve, al momento dell\u2019esecuzione del contratto, a mezzo e-mail, la conferma di ricezione dell\u2019ordine di acquisto inviato dal Cliente contenente un riepilogo di tutti i dettagli dell\u2019ordine.<\/p>\n<p>8. Inefficacia dell\u2019ordine<\/p>\n<p>Nessun contratto deve intendersi concluso tra Macelleria Vitone e il Cliente qualora Macelleria Vitone abbia fondati motivi di ritenere che il Cliente non operi in base ad un effettivo e genuino interesse all\u2019acquisto dei prodotti ordinati, o eserciti in maniera abusiva il diritto di recesso riconosciuto dall\u2019art.12. In tali casi, l\u2019ordine inoltrato dal Cliente deve intendersi privo di efficacia alcuna. Macelleria Vitone provveder\u00e0 a trasmettere al Cliente, a mezzo e-mail, una comunicazione attestante la mancata conclusione del Contratto, curando altres\u00ec l\u2019annullamento di ogni addebito e\/o spesa a carico del Cliente.<\/p>\n<p>9. Trasporto e consegna<\/p>\n<p>I Prodotti acquistati sul Sito saranno consegnati all\u2019indirizzo di spedizione indicato dal Cliente. Il Cliente ha in ogni caso la facolt\u00e0 di chiedere la consegna dei prodotti ad una persona fisica a sua scelta, indicandone sempre i dati nell\u2019indirizzo di spedizione. Al momento della consegna sar\u00e0 necessaria la firma di un adulto maggiore di anni 18. Non saranno effettuate consegne a caselle postali.<\/p>\n<p>Per ogni ordine effettuato sul Sito, Macelleria Vitone emette fattura o ricevuta fiscale della merce spedita, inviandola all\u2019intestatario assieme alla merce dell\u2019ordine, ai sensi del D.P.R. 445\/2000 e del D.Lgs. 52\/2004. Per l\u2019emissione della fattura fanno fede le informazioni fornite dal Cliente all\u2019atto dell\u2019ordine. Nessuna variazione in fattura sar\u00e0 possibile, dopo l\u2019emissione della stessa.<\/p>\n<p>Le spese di consegna sono a carico del Cliente e sono distintamente evidenziate sul Sito e nel modulo d\u2019ordine.<\/p>\n<p>Tutti gli acquisti verranno consegnati mediante corriere espresso dal luned\u00ec al venerd\u00ec, esclusi festivi e feste nazionali. La consegna \u00e8 garantita in tutta Italia entro le 48 ore successive agli ordini evasi entro le ore 11.00. Macelleria Vitone non \u00e8 responsabile per ritardi non prevedibili.<\/p>\n<p>Tuttavia, in conformit\u00e0 al Codice del Consumo, i Prodotti saranno consegnati entro un termine massimo di 30 (trenta) giorni a decorrere dal giorno successivo a quello in cui il Cliente ha trasmesso l\u2019ordine a Macelleria Vitone , salvo che Macelleria Vitone non comunichi \u2013 entro lo stesso termine, tramite posta elettronica \u2013 l\u2019impossibilit\u00e0 di consegnare la merce ordinata a seguito della sopravvenuta indisponibilit\u00e0, anche temporanea, dei Prodotti. In caso di tale comunicazione, Macelleria Vitone provveder\u00e0 al rimborso delle somme eventualmente gi\u00e0 corrisposte dal Cliente per il pagamento della fornitura. Nel caso in cui, a fronte della comunicazione di Macelleria Vitone di un ritardo nella data di consegna, il Cliente desideri annullare l\u2019Ordine, l\u2019eventuale importo gi\u00e0 pagato dal medesimo sar\u00e0 rimborsato il pi\u00f9 presto possibile, e comunque non oltre 30 (trenta) giorni dal giorno successivo a quello in cui il Cliente ha trasmesso l\u2019ordine a Macelleria Vitone .<\/p>\n<p>Per la consegna della merce \u00e8 necessaria la presenza del Cliente o di un suo incaricato all\u2019indirizzo del destinatario indicato nell\u2019ordine. Al momento della consegna della merce da parte del Corriere, il Cliente \u00e8 tenuto a controllare che il numero dei colli in consegna corrisponda a quanto indicato nel documento di trasporto e che il pacco risulti integro o non alterato. Eventuali danni al pacco e\/o ai Prodotti o la mancata corrispondenza del numero dei colli devono essere immediatamente contestati tramite riserva di controllo scritta sulla prova di consegna del Corriere. Una volta firmato il documento del Corriere, il Cliente non potr\u00e0 opporre alcuna contestazione circa le caratteristiche esteriori quanto del pacco consegnato.<\/p>\n<p>La Macelleria Agricola F.lli Pompa, cosciente che il lavoro che svolge deve rispettare regole e ferree legislazioni, si impegna a fornire un servizio di massima precisione e qualit\u00e0 per il suo ecommerce di prodotti alimentari. Lavoriamo da oltre 40 anni nel settore Food e sappiamo cosa significa \u201cmaneggiare il cibo con cura\u201d.<\/p>\n<p>Il sottovuoto e l\u2019imballaggio<\/p>\n<p>Tutti i nostri prodotti vengono accuratamente confezionati sottovuoto, e spesso confezionati al momento dell\u2019ordine, per mantenerli in un ottimale stato di conservazione. Ripetiamo che il nostro impegno \u00e8 quello di fornire un servizio di assoluta qualit\u00e0 per chi vuole acquistare cibi tradizionali e prelibatezze culinarie online.<\/p>\n<p>Dopo questa fase, i nostri prodotto verranno infatti imballati in scatola chiusa per evitare che durante il trasporto si danneggino.<\/p>\n<p>Ovviamente non si tratta di una \u201cnormale scatola\u201d. I prodotti freschi vengono imballati in involucri che garantiscono:<\/p>\n<p>\u2013 la dispersione del calore;<\/p>\n<p>\u2013 il mantenimento costante della temperatura.<\/p>\n<p>\u2013 la garanzia della catena del freddo.<\/p>\n<p>Tutto questo grazie a materiali specifici e studiati appositamente per il nostro settore. In questo modo avrete la garanzia che i vostri cibi saranno in uno stato ottimale di conservazione proprio durante il trasporto. Teniamo alla vostra salute come alla qualit\u00e0 dei nostri prodotti.<\/p>\n<p>I tempi di spedizione<\/p>\n<p>Per venire incontro alla vostra golosit\u00e0 e per garantire un servizio di alta qualit\u00e0, tutte le spedizioni saranno evase in massimo 24\/48 ore dal confezionamento dello stesso. Questo si traduce in un minor tempo del vostro pacco all\u2019interno dei mezzi adibiti al trasporto e alla consegna.<\/p>\n<p>Ovviamente si utilizzano i corrieri nazionali.<\/p>\n<p>I costi di spedizione<\/p>\n<p>Il costo di spedizione ammonta a 2 euro per ogni chilo di merce ordinata<\/p>\n<p>10.Il Diritto di Recesso<\/p>\n<p>Le moderne tecniche di imballaggio permettono di conservare i cibi per un periodo di tempo limitato. Per questa ragione non possiamo accettare il diritto di recesso, ma invitiamo a contattarci nel caso di problemi con il vostro ordine sia tramite mail che tramite telefono.<\/p>\n<p>11. Difetti di conformit\u00e0<\/p>\n<p>In caso di difetti di conformit\u00e0 di Prodotti venduti da Macelleria Vitone mediante arrosticiniinabruzzo.it, il Cliente dovr\u00e0 contattare immediatamente la nostra azienda all\u2019indirizzo e-mail info@arrosticiniinabruzzo.it o telefonicamente al numero 0864 52673<\/p>\n<p>12. Errori<\/p>\n<p>Le informazioni relative ai Prodotti fornite sul Sito sono costantemente aggiornate. Non \u00e8 tuttavia possibile garantire la completa assenza di errori.<\/p>\n<p>Macelleria Vitone si riserva il diritto di correggere gli errori, le inesattezze o le omissioni anche dopo che sia stato inviato un ordine e altres\u00ec di cambiare o aggiornare le informazioni in qualsiasi momento senza preventiva comunicazione.<\/p>\n<p>13. Legge applicabile e foro competente<\/p>\n<p>Le presenti Condizioni Generali sono regolate dalla legge italiana e devono essere interpretate in conformit\u00e0 con le leggi italiane.<\/p>\n<p>Per le controversie derivanti dall\u2019interpretazione, validit\u00e0 e\/o esecuzione, delle presenti Condizioni Generali la competenza territoriale inderogabile sar\u00e0 quella del giudice del luogo di residenza o domicilio del consumatore, se ubicati nel territorio Italiano.<\/p>\n<p>14. Contatti<\/p>\n<p>Per ulteriori informazioni si prega di scrivere al seguente indirizzo e-mail: info@arrosticiniinabruzzo.it o di andare alla pagina Contatti.<br \/>\nLe presenti Condizioni Generali, potranno subire modifiche o aggiornamenti in qualsiasi momento da parte di MACELLERIA VITONE che provveder\u00e0 a darne comunicazione alla clientela attraverso gli appositi canali.<\/p>\n<p>ASSISTENZA<\/p>\n<p>Il Servizio Assistenza Clienti garantisce una completa assistenza pre e post vendita. L\u2019accesso al servizio clienti si ha attraverso il nostro form di contatto. Oppure chiamando allo 0864 52673<\/p>\n","protected":false},"excerpt":{"rendered":"<p>1. Disposizioni Generali Le presenti condizioni generali di vendita (di seguito, \u201cCondizioni Generali\u201d) si applicano a tutte le vendite di [&hellip;]<\/p>\n","protected":false},"author":1,"featured_media":0,"parent":0,"menu_order":0,"comment_status":"closed","ping_status":"closed","template":"","meta":{"footnotes":""},"class_list":["post-485","page","type-page","status-publish","hentry"],"_links":{"self":[{"href":"https:\/\/www.arrosticiniinabruzzo.it\/index.php\/wp-json\/wp\/v2\/pages\/485","targetHints":{"allow":["GET"]}}],"collection":[{"href":"https:\/\/www.arrosticiniinabruzzo.it\/index.php\/wp-json\/wp\/v2\/pages"}],"about":[{"href":"https:\/\/www.arrosticiniinabruzzo.it\/index.php\/wp-json\/wp\/v2\/types\/page"}],"author":[{"embeddable":true,"href":"https:\/\/www.arrosticiniinabruzzo.it\/index.php\/wp-json\/wp\/v2\/users\/1"}],"replies":[{"embeddable":true,"href":"https:\/\/www.arrosticiniinabruzzo.it\/index.php\/wp-json\/wp\/v2\/comments?post=485"}],"version-history":[{"count":0,"href":"https:\/\/www.arrosticiniinabruzzo.it\/index.php\/wp-json\/wp\/v2\/pages\/485\/revisions"}],"wp:attachment":[{"href":"https:\/\/www.arrosticiniinabruzzo.it\/index.php\/wp-json\/wp\/v2\/media?parent=485"}],"curies":[{"name":"wp","href":"https:\/\/api.w.org\/{rel}","templated":true}]}}